{"id":721,"date":"2021-01-05T14:05:29","date_gmt":"2021-01-05T17:05:29","guid":{"rendered":"https:\/\/santacasadediamantina.com.br\/sc\/?page_id=721"},"modified":"2025-10-28T15:24:09","modified_gmt":"2025-10-28T18:24:09","slug":"contato","status":"publish","type":"page","link":"https:\/\/santacasadediamantina.com.br\/sc\/contato\/","title":{"rendered":"Contato"},"content":{"rendered":"\t\t<div data-elementor-type=\"wp-page\" data-elementor-id=\"721\" class=\"elementor elementor-721\">\n\t\t\t\t\t\t<section class=\"elementor-section elementor-top-section elementor-element elementor-element-7600f37 elementor-section-boxed elementor-section-height-default elementor-section-height-default\" data-id=\"7600f37\" data-element_type=\"section\" data-e-type=\"section\">\n\t\t\t\t\t\t<div class=\"elementor-container elementor-column-gap-default\">\n\t\t\t\t\t<div class=\"elementor-column elementor-col-33 elementor-top-column elementor-element elementor-element-166b994\" data-id=\"166b994\" data-element_type=\"column\" data-e-type=\"column\">\n\t\t\t<div class=\"elementor-widget-wrap elementor-element-populated\">\n\t\t\t\t\t\t<div class=\"elementor-element elementor-element-09d5539 elementor-widget elementor-widget-text-editor\" data-id=\"09d5539\" data-element_type=\"widget\" data-e-type=\"widget\" data-widget_type=\"text-editor.default\">\n\t\t\t\t<div class=\"elementor-widget-container\">\n\t\t\t\t\t\t\t\t\t<p><strong>Telefones \u00fateis:<\/strong><\/p>\n<p><strong>Recep\u00e7\u00e3o Principal: <\/strong>(38)3532-1300<br>Recep\u00e7\u00e3o PA: (38)3532-1334<br>Centro de Imagem: (38)3532-1344<br>Compras:&nbsp;(38)3532-1328<br>Hemodi\u00e1lise:&nbsp;(38)3532-1321<br>Contabilidade:&nbsp;(38)3532-1312<br>Tecnologia da Informa\u00e7\u00e3o:(38)3532-1332<\/p>\t\t\t\t\t\t\t\t<\/div>\n\t\t\t\t<\/div>\n\t\t\t\t\t<\/div>\n\t\t<\/div>\n\t\t\t\t<div class=\"elementor-column elementor-col-33 elementor-top-column elementor-element elementor-element-6eccc41\" data-id=\"6eccc41\" data-element_type=\"column\" data-e-type=\"column\">\n\t\t\t<div class=\"elementor-widget-wrap elementor-element-populated\">\n\t\t\t\t\t\t<div class=\"elementor-element elementor-element-aa5f3fd elementor-widget elementor-widget-text-editor\" data-id=\"aa5f3fd\" data-element_type=\"widget\" data-e-type=\"widget\" data-widget_type=\"text-editor.default\">\n\t\t\t\t<div class=\"elementor-widget-container\">\n\t\t\t\t\t\t\t\t\t<p><strong>Email:<\/strong><\/p><p>santacasa@santacasadediamantina.com.br<br \/>ouvidoria@santacasadediamantina.com.br<br \/>juridico@santacasadediamantina.com.br<br \/>compras@santacasadediamantina.com.br<br \/>contabilidade@santacasadediamantina.com.br<br \/>recepcao@santacasadediamantina.com.br<\/p>\t\t\t\t\t\t\t\t<\/div>\n\t\t\t\t<\/div>\n\t\t\t\t\t<\/div>\n\t\t<\/div>\n\t\t\t\t<div class=\"elementor-column elementor-col-33 elementor-top-column elementor-element elementor-element-8ce621b\" data-id=\"8ce621b\" data-element_type=\"column\" data-e-type=\"column\">\n\t\t\t<div class=\"elementor-widget-wrap elementor-element-populated\">\n\t\t\t\t\t\t<div class=\"elementor-element elementor-element-f19daf9 elementor-widget elementor-widget-google_maps\" data-id=\"f19daf9\" data-element_type=\"widget\" data-e-type=\"widget\" data-widget_type=\"google_maps.default\">\n\t\t\t\t<div class=\"elementor-widget-container\">\n\t\t\t\t\t\t\t<div class=\"elementor-custom-embed\">\n\t\t\t<iframe loading=\"lazy\"\n\t\t\t\t\tsrc=\"https:\/\/maps.google.com\/maps?q=Santa%20Casa%20de%20Caridade%20de%20Diamantina&#038;t=m&#038;z=18&#038;output=embed&#038;iwloc=near\"\n\t\t\t\t\ttitle=\"Santa Casa de Caridade de Diamantina\"\n\t\t\t\t\taria-label=\"Santa Casa de Caridade de Diamantina\"\n\t\t\t><\/iframe>\n\t\t<\/div>\n\t\t\t\t\t\t<\/div>\n\t\t\t\t<\/div>\n\t\t\t\t\t<\/div>\n\t\t<\/div>\n\t\t\t\t\t<\/div>\n\t\t<\/section>\n\t\t\t\t<section class=\"elementor-section elementor-top-section elementor-element elementor-element-c355776 elementor-section-boxed elementor-section-height-default elementor-section-height-default\" data-id=\"c355776\" data-element_type=\"section\" data-e-type=\"section\">\n\t\t\t\t\t\t<div class=\"elementor-container elementor-column-gap-default\">\n\t\t\t\t\t<div class=\"elementor-column elementor-col-100 elementor-top-column elementor-element elementor-element-8010f77\" data-id=\"8010f77\" data-element_type=\"column\" data-e-type=\"column\">\n\t\t\t<div class=\"elementor-widget-wrap elementor-element-populated\">\n\t\t\t\t\t\t<div class=\"elementor-element elementor-element-350dce7 elementor-widget elementor-widget-text-editor\" data-id=\"350dce7\" data-element_type=\"widget\" data-e-type=\"widget\" data-widget_type=\"text-editor.default\">\n\t\t\t\t<div class=\"elementor-widget-container\">\n\t\t\t\t\t\t\t\t\t<p style=\"text-align: center;\"><strong>Redes Sociais:<\/strong><\/p>\t\t\t\t\t\t\t\t<\/div>\n\t\t\t\t<\/div>\n\t\t\t\t\t<\/div>\n\t\t<\/div>\n\t\t\t\t\t<\/div>\n\t\t<\/section>\n\t\t\t\t<section class=\"elementor-section elementor-top-section elementor-element elementor-element-ec2b5ab elementor-section-boxed elementor-section-height-default elementor-section-height-default\" data-id=\"ec2b5ab\" data-element_type=\"section\" data-e-type=\"section\">\n\t\t\t\t\t\t<div class=\"elementor-container elementor-column-gap-default\">\n\t\t\t\t\t<div class=\"elementor-column elementor-col-100 elementor-top-column elementor-element elementor-element-c0ac147\" data-id=\"c0ac147\" data-element_type=\"column\" data-e-type=\"column\">\n\t\t\t<div class=\"elementor-widget-wrap elementor-element-populated\">\n\t\t\t\t\t\t<div class=\"elementor-element elementor-element-4140f47 elementor-view-default elementor-widget elementor-widget-icon\" data-id=\"4140f47\" data-element_type=\"widget\" data-e-type=\"widget\" data-widget_type=\"icon.default\">\n\t\t\t\t<div class=\"elementor-widget-container\">\n\t\t\t\t\t\t\t<div class=\"elementor-icon-wrapper\">\n\t\t\t<a class=\"elementor-icon\" href=\"https:\/\/www.instagram.com\/santacasadediamantina\/\">\n\t\t\t<i aria-hidden=\"true\" class=\"fab fa-instagram\"><\/i>\t\t\t<\/a>\n\t\t<\/div>\n\t\t\t\t\t\t<\/div>\n\t\t\t\t<\/div>\n\t\t\t\t<div class=\"elementor-element elementor-element-ab39a63 elementor-view-default elementor-widget elementor-widget-icon\" data-id=\"ab39a63\" data-element_type=\"widget\" data-e-type=\"widget\" data-widget_type=\"icon.default\">\n\t\t\t\t<div class=\"elementor-widget-container\">\n\t\t\t\t\t\t\t<div class=\"elementor-icon-wrapper\">\n\t\t\t<a class=\"elementor-icon\" href=\"https:\/\/www.facebook.com\/santacasadecaridadedediamantina\">\n\t\t\t<i aria-hidden=\"true\" class=\"fab fa-facebook\"><\/i>\t\t\t<\/a>\n\t\t<\/div>\n\t\t\t\t\t\t<\/div>\n\t\t\t\t<\/div>\n\t\t\t\t\t<\/div>\n\t\t<\/div>\n\t\t\t\t\t<\/div>\n\t\t<\/section>\n\t\t\t\t<\/div>\n\t\t","protected":false},"excerpt":{"rendered":"<p>Telefones \u00fateis: Recep\u00e7\u00e3o Principal: (38)3532-1300Recep\u00e7\u00e3o PA: (38)3532-1334Centro de Imagem: (38)3532-1344Compras:&nbsp;(38)3532-1328Hemodi\u00e1lise:&nbsp;(38)3532-1321Contabilidade:&nbsp;(38)3532-1312Tecnologia da Informa\u00e7\u00e3o:(38)3532-1332 Email: santacasa@santacasadediamantina.com.brouvidoria@santacasadediamantina.com.brjuridico@santacasadediamantina.com.brcompras@santacasadediamantina.com.brcontabilidade@santacasadediamantina.com.brrecepcao@santacasadediamantina.com.br Redes Sociais:<\/p>\n","protected":false},"author":1,"featured_media":0,"parent":0,"menu_order":0,"comment_status":"closed","ping_status":"closed","template":"","meta":{"_acf_changed":false,"footnotes":""},"class_list":["post-721","page","type-page","status-publish","hentry"],"acf":[],"yoast_head":"<!-- This site is optimized with the Yoast SEO plugin v27.2 - https:\/\/yoast.com\/product\/yoast-seo-wordpress\/ -->\n<title>Contato - Santa Casa de Diamantina<\/title>\n<meta name=\"robots\" content=\"index, follow, max-snippet:-1, max-image-preview:large, max-video-preview:-1\" \/>\n<link rel=\"canonical\" href=\"https:\/\/santacasadediamantina.com.br\/sc\/contato\/\" \/>\n<meta property=\"og:locale\" content=\"pt_BR\" \/>\n<meta property=\"og:type\" content=\"article\" \/>\n<meta property=\"og:title\" content=\"Contato - Santa Casa de Diamantina\" \/>\n<meta property=\"og:description\" content=\"Telefones \u00fateis: Recep\u00e7\u00e3o Principal: (38)3532-1300Recep\u00e7\u00e3o PA: (38)3532-1334Centro de Imagem: (38)3532-1344Compras:&nbsp;(38)3532-1328Hemodi\u00e1lise:&nbsp;(38)3532-1321Contabilidade:&nbsp;(38)3532-1312Tecnologia da Informa\u00e7\u00e3o:(38)3532-1332 Email: santacasa@santacasadediamantina.com.brouvidoria@santacasadediamantina.com.brjuridico@santacasadediamantina.com.brcompras@santacasadediamantina.com.brcontabilidade@santacasadediamantina.com.brrecepcao@santacasadediamantina.com.br Redes Sociais:\" \/>\n<meta property=\"og:url\" content=\"https:\/\/santacasadediamantina.com.br\/sc\/contato\/\" \/>\n<meta property=\"og:site_name\" content=\"Santa Casa de Diamantina\" \/>\n<meta property=\"article:publisher\" content=\"https:\/\/www.facebook.com\/santacasadecaridadedediamantina\" \/>\n<meta property=\"article:modified_time\" content=\"2025-10-28T18:24:09+00:00\" \/>\n<meta name=\"twitter:card\" content=\"summary_large_image\" \/>\n<script type=\"application\/ld+json\" class=\"yoast-schema-graph\">{\"@context\":\"https:\/\/schema.org\",\"@graph\":[{\"@type\":\"WebPage\",\"@id\":\"https:\/\/santacasadediamantina.com.br\/sc\/contato\/\",\"url\":\"https:\/\/santacasadediamantina.com.br\/sc\/contato\/\",\"name\":\"Contato - Santa Casa de Diamantina\",\"isPartOf\":{\"@id\":\"https:\/\/santacasadediamantina.com.br\/sc\/#website\"},\"datePublished\":\"2021-01-05T17:05:29+00:00\",\"dateModified\":\"2025-10-28T18:24:09+00:00\",\"breadcrumb\":{\"@id\":\"https:\/\/santacasadediamantina.com.br\/sc\/contato\/#breadcrumb\"},\"inLanguage\":\"pt-BR\",\"potentialAction\":[{\"@type\":\"ReadAction\",\"target\":[\"https:\/\/santacasadediamantina.com.br\/sc\/contato\/\"]}]},{\"@type\":\"BreadcrumbList\",\"@id\":\"https:\/\/santacasadediamantina.com.br\/sc\/contato\/#breadcrumb\",\"itemListElement\":[{\"@type\":\"ListItem\",\"position\":1,\"name\":\"In\u00edcio\",\"item\":\"https:\/\/santacasadediamantina.com.br\/sc\/\"},{\"@type\":\"ListItem\",\"position\":2,\"name\":\"Contato\"}]},{\"@type\":\"WebSite\",\"@id\":\"https:\/\/santacasadediamantina.com.br\/sc\/#website\",\"url\":\"https:\/\/santacasadediamantina.com.br\/sc\/\",\"name\":\"Santa Casa de Diamantina\",\"description\":\"\",\"publisher\":{\"@id\":\"https:\/\/santacasadediamantina.com.br\/sc\/#organization\"},\"potentialAction\":[{\"@type\":\"SearchAction\",\"target\":{\"@type\":\"EntryPoint\",\"urlTemplate\":\"https:\/\/santacasadediamantina.com.br\/sc\/?s={search_term_string}\"},\"query-input\":{\"@type\":\"PropertyValueSpecification\",\"valueRequired\":true,\"valueName\":\"search_term_string\"}}],\"inLanguage\":\"pt-BR\"},{\"@type\":\"Organization\",\"@id\":\"https:\/\/santacasadediamantina.com.br\/sc\/#organization\",\"name\":\"Santa Casa de Diamantina\",\"url\":\"https:\/\/santacasadediamantina.com.br\/sc\/\",\"logo\":{\"@type\":\"ImageObject\",\"inLanguage\":\"pt-BR\",\"@id\":\"https:\/\/santacasadediamantina.com.br\/sc\/#\/schema\/logo\/image\/\",\"url\":\"https:\/\/santacasadediamantina.com.br\/sc\/wp-content\/uploads\/2020\/07\/cropped-WhatsApp-Image-2020-04-14-at-10.14.08-1.jpg\",\"contentUrl\":\"https:\/\/santacasadediamantina.com.br\/sc\/wp-content\/uploads\/2020\/07\/cropped-WhatsApp-Image-2020-04-14-at-10.14.08-1.jpg\",\"width\":1280,\"height\":689,\"caption\":\"Santa Casa de Diamantina\"},\"image\":{\"@id\":\"https:\/\/santacasadediamantina.com.br\/sc\/#\/schema\/logo\/image\/\"},\"sameAs\":[\"https:\/\/www.facebook.com\/santacasadecaridadedediamantina\",\"https:\/\/www.instagram.com\/santacasadediamantina\/\"]}]}<\/script>\n<!-- \/ Yoast SEO plugin. -->","yoast_head_json":{"title":"Contato - Santa Casa de Diamantina","robots":{"index":"index","follow":"follow","max-snippet":"max-snippet:-1","max-image-preview":"max-image-preview:large","max-video-preview":"max-video-preview:-1"},"canonical":"https:\/\/santacasadediamantina.com.br\/sc\/contato\/","og_locale":"pt_BR","og_type":"article","og_title":"Contato - Santa Casa de Diamantina","og_description":"Telefones \u00fateis: Recep\u00e7\u00e3o Principal: (38)3532-1300Recep\u00e7\u00e3o PA: (38)3532-1334Centro de Imagem: (38)3532-1344Compras:&nbsp;(38)3532-1328Hemodi\u00e1lise:&nbsp;(38)3532-1321Contabilidade:&nbsp;(38)3532-1312Tecnologia da Informa\u00e7\u00e3o:(38)3532-1332 Email: santacasa@santacasadediamantina.com.brouvidoria@santacasadediamantina.com.brjuridico@santacasadediamantina.com.brcompras@santacasadediamantina.com.brcontabilidade@santacasadediamantina.com.brrecepcao@santacasadediamantina.com.br Redes Sociais:","og_url":"https:\/\/santacasadediamantina.com.br\/sc\/contato\/","og_site_name":"Santa Casa de Diamantina","article_publisher":"https:\/\/www.facebook.com\/santacasadecaridadedediamantina","article_modified_time":"2025-10-28T18:24:09+00:00","twitter_card":"summary_large_image","schema":{"@context":"https:\/\/schema.org","@graph":[{"@type":"WebPage","@id":"https:\/\/santacasadediamantina.com.br\/sc\/contato\/","url":"https:\/\/santacasadediamantina.com.br\/sc\/contato\/","name":"Contato - Santa Casa de Diamantina","isPartOf":{"@id":"https:\/\/santacasadediamantina.com.br\/sc\/#website"},"datePublished":"2021-01-05T17:05:29+00:00","dateModified":"2025-10-28T18:24:09+00:00","breadcrumb":{"@id":"https:\/\/santacasadediamantina.com.br\/sc\/contato\/#breadcrumb"},"inLanguage":"pt-BR","potentialAction":[{"@type":"ReadAction","target":["https:\/\/santacasadediamantina.com.br\/sc\/contato\/"]}]},{"@type":"BreadcrumbList","@id":"https:\/\/santacasadediamantina.com.br\/sc\/contato\/#breadcrumb","itemListElement":[{"@type":"ListItem","position":1,"name":"In\u00edcio","item":"https:\/\/santacasadediamantina.com.br\/sc\/"},{"@type":"ListItem","position":2,"name":"Contato"}]},{"@type":"WebSite","@id":"https:\/\/santacasadediamantina.com.br\/sc\/#website","url":"https:\/\/santacasadediamantina.com.br\/sc\/","name":"Santa Casa de Diamantina","description":"","publisher":{"@id":"https:\/\/santacasadediamantina.com.br\/sc\/#organization"},"potentialAction":[{"@type":"SearchAction","target":{"@type":"EntryPoint","urlTemplate":"https:\/\/santacasadediamantina.com.br\/sc\/?s={search_term_string}"},"query-input":{"@type":"PropertyValueSpecification","valueRequired":true,"valueName":"search_term_string"}}],"inLanguage":"pt-BR"},{"@type":"Organization","@id":"https:\/\/santacasadediamantina.com.br\/sc\/#organization","name":"Santa Casa de Diamantina","url":"https:\/\/santacasadediamantina.com.br\/sc\/","logo":{"@type":"ImageObject","inLanguage":"pt-BR","@id":"https:\/\/santacasadediamantina.com.br\/sc\/#\/schema\/logo\/image\/","url":"https:\/\/santacasadediamantina.com.br\/sc\/wp-content\/uploads\/2020\/07\/cropped-WhatsApp-Image-2020-04-14-at-10.14.08-1.jpg","contentUrl":"https:\/\/santacasadediamantina.com.br\/sc\/wp-content\/uploads\/2020\/07\/cropped-WhatsApp-Image-2020-04-14-at-10.14.08-1.jpg","width":1280,"height":689,"caption":"Santa Casa de Diamantina"},"image":{"@id":"https:\/\/santacasadediamantina.com.br\/sc\/#\/schema\/logo\/image\/"},"sameAs":["https:\/\/www.facebook.com\/santacasadecaridadedediamantina","https:\/\/www.instagram.com\/santacasadediamantina\/"]}]}},"_links":{"self":[{"href":"https:\/\/santacasadediamantina.com.br\/sc\/wp-json\/wp\/v2\/pages\/721","targetHints":{"allow":["GET"]}}],"collection":[{"href":"https:\/\/santacasadediamantina.com.br\/sc\/wp-json\/wp\/v2\/pages"}],"about":[{"href":"https:\/\/santacasadediamantina.com.br\/sc\/wp-json\/wp\/v2\/types\/page"}],"author":[{"embeddable":true,"href":"https:\/\/santacasadediamantina.com.br\/sc\/wp-json\/wp\/v2\/users\/1"}],"replies":[{"embeddable":true,"href":"https:\/\/santacasadediamantina.com.br\/sc\/wp-json\/wp\/v2\/comments?post=721"}],"version-history":[{"count":29,"href":"https:\/\/santacasadediamantina.com.br\/sc\/wp-json\/wp\/v2\/pages\/721\/revisions"}],"predecessor-version":[{"id":2466,"href":"https:\/\/santacasadediamantina.com.br\/sc\/wp-json\/wp\/v2\/pages\/721\/revisions\/2466"}],"wp:attachment":[{"href":"https:\/\/santacasadediamantina.com.br\/sc\/wp-json\/wp\/v2\/media?parent=721"}],"curies":[{"name":"wp","href":"https:\/\/api.w.org\/{rel}","templated":true}]}}